{"id":11,"date":"2022-11-03T20:04:22","date_gmt":"2022-11-03T18:04:22","guid":{"rendered":"https:\/\/andberg.fi\/www\/?page_id=11"},"modified":"2023-10-10T09:41:12","modified_gmt":"2023-10-10T06:41:12","slug":"tekija-itse","status":"publish","type":"page","link":"https:\/\/andberg.fi\/www\/tekija-itse\/","title":{"rendered":"Tekij\u00e4 itse"},"content":{"rendered":"\n<p>Olen Nina Andberg, tosi nuorena jo hevoshullu. Vanhempana vasta k\u00e4vin Hevostenhoitaja 2- vuotisen, hevosharrasteohjaaja 1- vuotisen ja valjassep\u00e4nkoulutuksen 1,2- vuotisen koulutuksen. Puolessa v\u00e4li\u00e4 koulutusta ostin ensimm\u00e4isen Suomenhevosen Sateen Aarteen pienen\u00e4 varsana. T\u00e4m\u00e4n j\u00e4lkeen opiskelin verhoilija artesaaniksi 2020-2021 pandemian aikana. Seuraavaksi meille tuli Sentraalisantra 2020. Aivan ihania Suomenhevosia. Perustin oman yrityksen 11\/2022 ja samaan aikaan tuli olkap\u00e4\u00e4n leikkaus, joka nyt jo hyv\u00e4. <\/p>\n\n\n\n<p>Materiaalien kierr\u00e4tys ja k\u00e4ytt\u00f6 uudelleen on minulle t\u00e4rke\u00e4\u00e4, jotta saisin k\u00e4ytetty\u00e4 mahdollisimman paljon vanhaa. Jos en voi k\u00e4ytt\u00e4\u00e4, niin lajittelen materiaalin ja vien kierr\u00e4tykseen tai materiaalin tarvitsemaan paikkaan kaatopaikalla, minne ei kerry monikaan materiaali.<\/p>\n","protected":false},"excerpt":{"rendered":"<p>Olen Nina Andberg, tosi nuorena jo hevoshullu. Vanhempana vasta k\u00e4vin Hevostenhoitaja 2- vuotisen, hevosharrasteohjaaja 1- vuotisen ja valjassep\u00e4nkoulutuksen 1,2- vuotisen koulutuksen. Puolessa v\u00e4li\u00e4 koulutusta ostin ensimm\u00e4isen Suomenhevosen Sateen Aarteen pienen\u00e4 varsana. T\u00e4m\u00e4n j\u00e4lkeen opiskelin verhoilija artesaaniksi 2020-2021 pandemian aikana. Seuraavaksi meille tuli Sentraalisantra 2020. Aivan ihania Suomenhevosia. Perustin oman yrityksen 11\/2022 ja samaan aikaan tuli [&hellip;]<\/p>\n","protected":false},"author":1,"featured_media":0,"parent":0,"menu_order":0,"comment_status":"closed","ping_status":"closed","template":"","meta":{"footnotes":""},"class_list":["post-11","page","type-page","status-publish","hentry"],"_links":{"self":[{"href":"https:\/\/andberg.fi\/www\/wp-json\/wp\/v2\/pages\/11","targetHints":{"allow":["GET"]}}],"collection":[{"href":"https:\/\/andberg.fi\/www\/wp-json\/wp\/v2\/pages"}],"about":[{"href":"https:\/\/andberg.fi\/www\/wp-json\/wp\/v2\/types\/page"}],"author":[{"embeddable":true,"href":"https:\/\/andberg.fi\/www\/wp-json\/wp\/v2\/users\/1"}],"replies":[{"embeddable":true,"href":"https:\/\/andberg.fi\/www\/wp-json\/wp\/v2\/comments?post=11"}],"version-history":[{"count":3,"href":"https:\/\/andberg.fi\/www\/wp-json\/wp\/v2\/pages\/11\/revisions"}],"predecessor-version":[{"id":73,"href":"https:\/\/andberg.fi\/www\/wp-json\/wp\/v2\/pages\/11\/revisions\/73"}],"wp:attachment":[{"href":"https:\/\/andberg.fi\/www\/wp-json\/wp\/v2\/media?parent=11"}],"curies":[{"name":"wp","href":"https:\/\/api.w.org\/{rel}","templated":true}]}}