{"id":2,"date":"2022-11-03T19:55:12","date_gmt":"2022-11-03T17:55:12","guid":{"rendered":"https:\/\/andberg.fi\/www\/?page_id=2"},"modified":"2023-10-10T09:47:30","modified_gmt":"2023-10-10T06:47:30","slug":"verhoilu","status":"publish","type":"page","link":"https:\/\/andberg.fi\/www\/verhoilu\/","title":{"rendered":"Verhoilu"},"content":{"rendered":"\n<p>Modernit huonekalut, tyynyt, pehmusteet ja vaahtomuovity\u00f6t. Perinteisen huonekalujen verhoilu, my\u00f6s nahalla. Veneiden kuomujen korjaus. Ja kaikki silt\u00e4 v\u00e4lilt\u00e4, kysy, niin saat vastauksen. Verhoilusta annetaan arvio.<\/p>\n","protected":false},"excerpt":{"rendered":"<p>Modernit huonekalut, tyynyt, pehmusteet ja vaahtomuovity\u00f6t. Perinteisen huonekalujen verhoilu, my\u00f6s nahalla. Veneiden kuomujen korjaus. Ja kaikki silt\u00e4 v\u00e4lilt\u00e4, kysy, niin saat vastauksen. Verhoilusta annetaan arvio.<\/p>\n","protected":false},"author":1,"featured_media":0,"parent":0,"menu_order":0,"comment_status":"closed","ping_status":"closed","template":"","meta":{"footnotes":""},"class_list":["post-2","page","type-page","status-publish","hentry"],"_links":{"self":[{"href":"https:\/\/andberg.fi\/www\/wp-json\/wp\/v2\/pages\/2","targetHints":{"allow":["GET"]}}],"collection":[{"href":"https:\/\/andberg.fi\/www\/wp-json\/wp\/v2\/pages"}],"about":[{"href":"https:\/\/andberg.fi\/www\/wp-json\/wp\/v2\/types\/page"}],"author":[{"embeddable":true,"href":"https:\/\/andberg.fi\/www\/wp-json\/wp\/v2\/users\/1"}],"replies":[{"embeddable":true,"href":"https:\/\/andberg.fi\/www\/wp-json\/wp\/v2\/comments?post=2"}],"version-history":[{"count":3,"href":"https:\/\/andberg.fi\/www\/wp-json\/wp\/v2\/pages\/2\/revisions"}],"predecessor-version":[{"id":58,"href":"https:\/\/andberg.fi\/www\/wp-json\/wp\/v2\/pages\/2\/revisions\/58"}],"wp:attachment":[{"href":"https:\/\/andberg.fi\/www\/wp-json\/wp\/v2\/media?parent=2"}],"curies":[{"name":"wp","href":"https:\/\/api.w.org\/{rel}","templated":true}]}}