{"id":39,"date":"2022-12-12T16:30:12","date_gmt":"2022-12-12T14:30:12","guid":{"rendered":"https:\/\/andberg.fi\/www\/?page_id=39"},"modified":"2023-03-08T09:30:57","modified_gmt":"2023-03-08T07:30:57","slug":"tehtyja-toita","status":"publish","type":"page","link":"https:\/\/andberg.fi\/www\/tehtyja-toita\/","title":{"rendered":"Tehtyj\u00e4 t\u00f6it\u00e4"},"content":{"rendered":"\n<figure class=\"wp-block-gallery has-nested-images columns-default is-cropped wp-block-gallery-1 is-layout-flex wp-block-gallery-is-layout-flex\">\n<figure class=\"wp-block-image size-large\"><img loading=\"lazy\" decoding=\"async\" width=\"728\" height=\"731\" data-id=\"44\" src=\"https:\/\/andberg.fi\/www\/wp-content\/uploads\/2022\/12\/1.png\" alt=\"\" class=\"wp-image-44\" srcset=\"https:\/\/andberg.fi\/www\/wp-content\/uploads\/2022\/12\/1.png 728w, https:\/\/andberg.fi\/www\/wp-content\/uploads\/2022\/12\/1-300x300.png 300w, https:\/\/andberg.fi\/www\/wp-content\/uploads\/2022\/12\/1-150x150.png 150w\" sizes=\"auto, (max-width: 728px) 100vw, 728px\" \/><\/figure>\n\n\n\n<figure class=\"wp-block-image size-large\"><img loading=\"lazy\" decoding=\"async\" width=\"730\" height=\"730\" data-id=\"41\" src=\"https:\/\/andberg.fi\/www\/wp-content\/uploads\/2022\/12\/2.png\" alt=\"\" class=\"wp-image-41\" srcset=\"https:\/\/andberg.fi\/www\/wp-content\/uploads\/2022\/12\/2.png 730w, https:\/\/andberg.fi\/www\/wp-content\/uploads\/2022\/12\/2-300x300.png 300w, https:\/\/andberg.fi\/www\/wp-content\/uploads\/2022\/12\/2-150x150.png 150w\" sizes=\"auto, (max-width: 730px) 100vw, 730px\" \/><\/figure>\n\n\n\n<figure class=\"wp-block-image size-large\"><img loading=\"lazy\" decoding=\"async\" width=\"730\" height=\"731\" data-id=\"43\" src=\"https:\/\/andberg.fi\/www\/wp-content\/uploads\/2022\/12\/3.png\" alt=\"\" class=\"wp-image-43\" srcset=\"https:\/\/andberg.fi\/www\/wp-content\/uploads\/2022\/12\/3.png 730w, https:\/\/andberg.fi\/www\/wp-content\/uploads\/2022\/12\/3-300x300.png 300w, https:\/\/andberg.fi\/www\/wp-content\/uploads\/2022\/12\/3-150x150.png 150w\" sizes=\"auto, (max-width: 730px) 100vw, 730px\" \/><\/figure>\n\n\n\n<figure class=\"wp-block-image size-large\"><img loading=\"lazy\" decoding=\"async\" width=\"724\" height=\"727\" data-id=\"42\" src=\"https:\/\/andberg.fi\/www\/wp-content\/uploads\/2022\/12\/4.png\" alt=\"\" class=\"wp-image-42\" srcset=\"https:\/\/andberg.fi\/www\/wp-content\/uploads\/2022\/12\/4.png 724w, https:\/\/andberg.fi\/www\/wp-content\/uploads\/2022\/12\/4-300x300.png 300w, https:\/\/andberg.fi\/www\/wp-content\/uploads\/2022\/12\/4-150x150.png 150w\" sizes=\"auto, (max-width: 724px) 100vw, 724px\" \/><\/figure>\n\n\n\n<figure class=\"wp-block-image size-large\"><img loading=\"lazy\" decoding=\"async\" width=\"717\" height=\"723\" data-id=\"40\" src=\"https:\/\/andberg.fi\/www\/wp-content\/uploads\/2022\/12\/5.png\" alt=\"\" class=\"wp-image-40\" srcset=\"https:\/\/andberg.fi\/www\/wp-content\/uploads\/2022\/12\/5.png 717w, https:\/\/andberg.fi\/www\/wp-content\/uploads\/2022\/12\/5-298x300.png 298w, https:\/\/andberg.fi\/www\/wp-content\/uploads\/2022\/12\/5-150x150.png 150w\" sizes=\"auto, (max-width: 717px) 100vw, 717px\" \/><\/figure>\n\n\n\n<figure class=\"wp-block-image size-large\"><img loading=\"lazy\" decoding=\"async\" width=\"1024\" height=\"1024\" data-id=\"48\" src=\"https:\/\/andberg.fi\/www\/wp-content\/uploads\/2023\/03\/6-1024x1024.jpg\" alt=\"\" class=\"wp-image-48\" srcset=\"https:\/\/andberg.fi\/www\/wp-content\/uploads\/2023\/03\/6-1024x1024.jpg 1024w, https:\/\/andberg.fi\/www\/wp-content\/uploads\/2023\/03\/6-300x300.jpg 300w, https:\/\/andberg.fi\/www\/wp-content\/uploads\/2023\/03\/6-150x150.jpg 150w, https:\/\/andberg.fi\/www\/wp-content\/uploads\/2023\/03\/6-768x768.jpg 768w, https:\/\/andberg.fi\/www\/wp-content\/uploads\/2023\/03\/6.jpg 1440w\" sizes=\"auto, (max-width: 1024px) 100vw, 1024px\" \/><\/figure>\n\n\n\n<figure class=\"wp-block-image size-large\"><img loading=\"lazy\" decoding=\"async\" width=\"1024\" height=\"768\" data-id=\"49\" src=\"https:\/\/andberg.fi\/www\/wp-content\/uploads\/2023\/03\/7-1024x768.jpg\" alt=\"\" class=\"wp-image-49\" srcset=\"https:\/\/andberg.fi\/www\/wp-content\/uploads\/2023\/03\/7-1024x768.jpg 1024w, https:\/\/andberg.fi\/www\/wp-content\/uploads\/2023\/03\/7-300x225.jpg 300w, https:\/\/andberg.fi\/www\/wp-content\/uploads\/2023\/03\/7-768x576.jpg 768w, https:\/\/andberg.fi\/www\/wp-content\/uploads\/2023\/03\/7-1536x1152.jpg 1536w, https:\/\/andberg.fi\/www\/wp-content\/uploads\/2023\/03\/7.jpg 2016w\" sizes=\"auto, (max-width: 1024px) 100vw, 1024px\" \/><\/figure>\n\n\n\n<figure class=\"wp-block-image size-large\"><img loading=\"lazy\" decoding=\"async\" width=\"768\" height=\"1024\" data-id=\"50\" src=\"https:\/\/andberg.fi\/www\/wp-content\/uploads\/2023\/03\/8-768x1024.jpg\" alt=\"\" class=\"wp-image-50\" srcset=\"https:\/\/andberg.fi\/www\/wp-content\/uploads\/2023\/03\/8-768x1024.jpg 768w, https:\/\/andberg.fi\/www\/wp-content\/uploads\/2023\/03\/8-225x300.jpg 225w, https:\/\/andberg.fi\/www\/wp-content\/uploads\/2023\/03\/8-1152x1536.jpg 1152w, https:\/\/andberg.fi\/www\/wp-content\/uploads\/2023\/03\/8.jpg 1200w\" sizes=\"auto, (max-width: 768px) 100vw, 768px\" \/><\/figure>\n<\/figure>\n","protected":false},"excerpt":{"rendered":"","protected":false},"author":1,"featured_media":0,"parent":0,"menu_order":0,"comment_status":"closed","ping_status":"closed","template":"","meta":{"footnotes":""},"class_list":["post-39","page","type-page","status-publish","hentry"],"_links":{"self":[{"href":"https:\/\/andberg.fi\/www\/wp-json\/wp\/v2\/pages\/39","targetHints":{"allow":["GET"]}}],"collection":[{"href":"https:\/\/andberg.fi\/www\/wp-json\/wp\/v2\/pages"}],"about":[{"href":"https:\/\/andberg.fi\/www\/wp-json\/wp\/v2\/types\/page"}],"author":[{"embeddable":true,"href":"https:\/\/andberg.fi\/www\/wp-json\/wp\/v2\/users\/1"}],"replies":[{"embeddable":true,"href":"https:\/\/andberg.fi\/www\/wp-json\/wp\/v2\/comments?post=39"}],"version-history":[{"count":3,"href":"https:\/\/andberg.fi\/www\/wp-json\/wp\/v2\/pages\/39\/revisions"}],"predecessor-version":[{"id":63,"href":"https:\/\/andberg.fi\/www\/wp-json\/wp\/v2\/pages\/39\/revisions\/63"}],"wp:attachment":[{"href":"https:\/\/andberg.fi\/www\/wp-json\/wp\/v2\/media?parent=39"}],"curies":[{"name":"wp","href":"https:\/\/api.w.org\/{rel}","templated":true}]}}